{"id":32855,"date":"2025-05-05T12:10:50","date_gmt":"2025-05-05T10:10:50","guid":{"rendered":"https:\/\/asesoriasartuille.com\/site-map\/"},"modified":"2025-07-22T13:44:55","modified_gmt":"2025-07-22T11:44:55","slug":"site-map","status":"publish","type":"page","link":"https:\/\/asesoriasartuille.com\/en\/site-map\/","title":{"rendered":"Site Map"},"content":{"rendered":"\t\t<div data-elementor-type=\"wp-page\" data-elementor-id=\"32855\" class=\"elementor elementor-32855 elementor-32544\">\n\t\t\t\t<div class=\"elementor-element elementor-element-cd70c86 thegem-e-con-layout-elementor e-flex e-con-boxed e-con e-parent\" data-id=\"cd70c86\" data-element_type=\"container\" data-e-type=\"container\" data-settings=\"{&quot;thegem_container_layout&quot;:&quot;elementor&quot;}\">\r\n\t\t\t\t\t<div class=\"e-con-inner\">\r\n\t\t\t\t\t<\/div>\n\t\t\t\t<\/div>\n\t\t<div class=\"elementor-element elementor-element-b3d2f60 thegem-e-con-layout-elementor e-flex e-con-boxed e-con e-parent\" data-id=\"b3d2f60\" data-element_type=\"container\" data-e-type=\"container\" data-settings=\"{&quot;thegem_container_layout&quot;:&quot;elementor&quot;}\">\r\n\t\t\t\t\t<div class=\"e-con-inner\">\r\n\t\t\t\t<div class=\"elementor-element elementor-element-b165b27 flex-horizontal-align-default flex-horizontal-align-tablet-default flex-horizontal-align-mobile-default flex-vertical-align-default flex-vertical-align-tablet-default flex-vertical-align-mobile-default elementor-widget elementor-widget-heading\" data-id=\"b165b27\" data-element_type=\"widget\" data-e-type=\"widget\" data-widget_type=\"heading.default\">\n\t\t\t\t<div class=\"elementor-widget-container\">\n\t\t\t\t\t<h2 class=\"elementor-heading-title elementor-size-default\">Site Map<\/h2>\t\t\t\t<\/div>\n\t\t\t\t<\/div>\n\t\t\t\t\t<\/div>\n\t\t\t\t<\/div>\n\t\t<div class=\"elementor-element elementor-element-87dc884 thegem-e-con-layout-elementor e-flex e-con-boxed e-con e-parent\" data-id=\"87dc884\" data-element_type=\"container\" data-e-type=\"container\" data-settings=\"{&quot;background_background&quot;:&quot;classic&quot;,&quot;thegem_container_layout&quot;:&quot;elementor&quot;}\">\r\n\t\t\t\t\t<div class=\"e-con-inner\">\r\n\t\t<div class=\"elementor-element elementor-element-1a72b39 thegem-e-con-layout-elementor e-flex e-con-boxed e-con e-child\" data-id=\"1a72b39\" data-element_type=\"container\" data-e-type=\"container\" data-settings=\"{&quot;thegem_container_layout&quot;:&quot;elementor&quot;}\">\r\n\t\t\t\t\t<div class=\"e-con-inner\">\r\n\t\t\t\t<div class=\"elementor-element elementor-element-41b5f61 flex-horizontal-align-default flex-horizontal-align-tablet-default flex-horizontal-align-mobile-default flex-vertical-align-default flex-vertical-align-tablet-default flex-vertical-align-mobile-default elementor-widget elementor-widget-thegem-custom-menu\" data-id=\"41b5f61\" data-element_type=\"widget\" data-e-type=\"widget\" data-widget_type=\"thegem-custom-menu.default\">\n\t\t\t\t<div class=\"elementor-widget-container\">\n\t\t\t\t\t\n\t\t<div id=\"menu-41b5f61\" class=\"thegem-menu-custom thegem-menu-custom--vertical thegem-menu-custom--left style-hover-background style-hover-animation-fade style-hover-type-background-color style-active-background style-active-type-background-color\">\n\t\t\t<div class=\"menu-custom-header  main-menu-item\"><span>Navigation<\/span><div class=\"separator\"><span><\/span><\/div><\/div><div role=\"navigation\" aria-label=\"menu-41b5f61\"><ul id=\"menu-menu-principal-ingles\" class=\"nav-menu-custom scroll-to-anchor\"><li id=\"menu-item-32893\" class=\"menu-item menu-item-type-post_type menu-item-object-page menu-item-32893 submenu-item default inherit-colors\"><a href=\"https:\/\/asesoriasartuille.com\/en\/we\/\"><span class=\"text\">We<i class=\"indicator\"><\/i><\/span><\/a><\/li>\n<li id=\"menu-item-32894\" class=\"menu-item menu-item-type-post_type menu-item-object-page menu-item-parent menu-item-32894 submenu-item default inherit-colors\"><a href=\"https:\/\/asesoriasartuille.com\/en\/gastronomic-consulting\/\"><span class=\"text\">Gastronomic Consulting<i class=\"indicator\"><\/i><\/span><\/a><\/li>\n<li id=\"menu-item-32896\" class=\"menu-item menu-item-type-post_type menu-item-object-page menu-item-32896 submenu-item default inherit-colors\"><a href=\"https:\/\/asesoriasartuille.com\/en\/quality-hygiene-and-safety\/\"><span class=\"text\">Quality, Hygiene and Safety<i class=\"indicator\"><\/i><\/span><\/a><\/li>\n<li id=\"menu-item-32897\" class=\"menu-item menu-item-type-post_type menu-item-object-page menu-item-32897 submenu-item default inherit-colors\"><a href=\"https:\/\/asesoriasartuille.com\/en\/packs\/\"><span class=\"text\">Packs<i class=\"indicator\"><\/i><\/span><\/a><\/li>\n<li id=\"menu-item-32898\" class=\"menu-item menu-item-type-post_type menu-item-object-page menu-item-32898 submenu-item default inherit-colors\"><a href=\"https:\/\/asesoriasartuille.com\/en\/food-industry\/\"><span class=\"text\">Food Industry<i class=\"indicator\"><\/i><\/span><\/a><\/li>\n<li id=\"menu-item-32899\" class=\"menu-item menu-item-type-post_type menu-item-object-page menu-item-32899 submenu-item default inherit-colors\"><a href=\"https:\/\/asesoriasartuille.com\/en\/contact\/\"><span class=\"text\">Contact<i class=\"indicator\"><\/i><\/span><\/a><\/li>\n<li id=\"menu-item-wpml-ls-73-en\" class=\"menu-item wpml-ls-slot-73 wpml-ls-item wpml-ls-item-en wpml-ls-current-language wpml-ls-menu-item wpml-ls-first-item menu-item-type-wpml_ls_menu_item menu-item-object-wpml_ls_menu_item menu-item-parent menu-item-wpml-ls-73-en submenu-item default inherit-colors\"><a href=\"https:\/\/asesoriasartuille.com\/en\/\" aria-current=\"page\" aria-expanded=\"false\" aria-controls=\"wpml-ls-submenu-wpml-ls-73-en\" class=\" thegem-wpml-ls-link\"><span class=\"text\"><img\n            class=\"wpml-ls-flag\"\n            src=\"https:\/\/asesoriasartuille.com\/wp-content\/plugins\/sitepress-multilingual-cms\/res\/flags\/en.svg\"\n            alt=\"English\"\n            loading=\"lazy\"\n            \n            \n    \/><i class=\"indicator\"><\/i><\/span><\/a><\/li>\n<\/ul><\/div>\t\t<\/div>\n\n\t\t\t\t\t\t<\/div>\n\t\t\t\t<\/div>\n\t\t\t\t\t<\/div>\n\t\t\t\t<\/div>\n\t\t<div class=\"elementor-element elementor-element-faa17ac thegem-e-con-layout-elementor e-flex e-con-boxed e-con e-child\" data-id=\"faa17ac\" data-element_type=\"container\" data-e-type=\"container\" data-settings=\"{&quot;thegem_container_layout&quot;:&quot;elementor&quot;}\">\r\n\t\t\t\t\t<div class=\"e-con-inner\">\r\n\t\t\t\t<div class=\"elementor-element elementor-element-88f2191 flex-horizontal-align-default flex-horizontal-align-tablet-default flex-horizontal-align-mobile-default flex-vertical-align-default flex-vertical-align-tablet-default flex-vertical-align-mobile-default elementor-widget elementor-widget-thegem-custom-menu\" data-id=\"88f2191\" data-element_type=\"widget\" data-e-type=\"widget\" data-widget_type=\"thegem-custom-menu.default\">\n\t\t\t\t<div class=\"elementor-widget-container\">\n\t\t\t\t\t\n\t\t<div id=\"menu-88f2191\" class=\"thegem-menu-custom thegem-menu-custom--vertical thegem-menu-custom--left style-hover-background style-hover-animation-fade style-hover-type-background-color style-active-background style-active-type-background-color\">\n\t\t\t<div class=\"menu-custom-header  main-menu-item\"><span>Legal<\/span><div class=\"separator\"><span><\/span><\/div><\/div><div role=\"navigation\" aria-label=\"menu-88f2191\"><ul id=\"menu-footer-legal-ingles\" class=\"nav-menu-custom scroll-to-anchor\"><li id=\"menu-item-32888\" class=\"menu-item menu-item-type-post_type menu-item-object-page menu-item-32888 submenu-item default inherit-colors\"><a href=\"https:\/\/asesoriasartuille.com\/en\/accessibility\/\"><span class=\"text\">Accessibility<i class=\"indicator\"><\/i><\/span><\/a><\/li>\n<li id=\"menu-item-32889\" class=\"menu-item menu-item-type-post_type menu-item-object-page menu-item-32889 submenu-item default inherit-colors\"><a href=\"https:\/\/asesoriasartuille.com\/en\/legal-notice\/\"><span class=\"text\">Legal Notice<i class=\"indicator\"><\/i><\/span><\/a><\/li>\n<li id=\"menu-item-32890\" class=\"menu-item menu-item-type-post_type menu-item-object-page menu-item-32890 submenu-item default inherit-colors\"><a href=\"https:\/\/asesoriasartuille.com\/en\/site-map\/\"><span class=\"text\">Site Map<i class=\"indicator\"><\/i><\/span><\/a><\/li>\n<li id=\"menu-item-32891\" class=\"menu-item menu-item-type-post_type menu-item-object-page menu-item-32891 submenu-item default inherit-colors\"><a href=\"https:\/\/asesoriasartuille.com\/en\/cookies-policy\/\"><span class=\"text\">Cookies Policy<i class=\"indicator\"><\/i><\/span><\/a><\/li>\n<li id=\"menu-item-32892\" class=\"menu-item menu-item-type-post_type menu-item-object-page menu-item-32892 submenu-item default inherit-colors\"><a href=\"https:\/\/asesoriasartuille.com\/en\/privacy-policy\/\"><span class=\"text\">Privacy Policy<i class=\"indicator\"><\/i><\/span><\/a><\/li>\n<\/ul><\/div>\t\t<\/div>\n\n\t\t\t\t\t\t<\/div>\n\t\t\t\t<\/div>\n\t\t\t\t\t<\/div>\n\t\t\t\t<\/div>\n\t\t\t\t\t<\/div>\n\t\t\t\t<\/div>\n\t\t\t\t<\/div>\n\t\t","protected":false},"excerpt":{"rendered":"<p>Site Map Navigation Nosotros Asesor\u00eda Gastron\u00f3mica Calidad, Higiene y Seguridad Packs Industria Alimentaria Contacto Legal Accesibilidad Aviso Legal Mapa Web&#8230;<\/p>\n","protected":false},"author":1,"featured_media":0,"parent":0,"menu_order":0,"comment_status":"closed","ping_status":"closed","template":"page-fullwidth.php","meta":{"footnotes":""},"class_list":["post-32855","page","type-page","status-publish"],"yoast_head":"<!-- This site is optimized with the Yoast SEO plugin v27.4 - https:\/\/yoast.com\/product\/yoast-seo-wordpress\/ -->\n<title>Site Map - Asesor\u00eda Sartuille<\/title>\n<meta name=\"robots\" content=\"index, follow, max-snippet:-1, max-image-preview:large, max-video-preview:-1\" \/>\n<link rel=\"canonical\" href=\"https:\/\/asesoriasartuille.com\/en\/site-map\/\" \/>\n<meta property=\"og:locale\" content=\"en_US\" \/>\n<meta property=\"og:type\" content=\"article\" \/>\n<meta property=\"og:title\" content=\"Site Map - Asesor\u00eda Sartuille\" \/>\n<meta property=\"og:description\" content=\"Site Map Navigation Nosotros Asesor\u00eda Gastron\u00f3mica Calidad, Higiene y Seguridad Packs Industria Alimentaria Contacto Legal Accesibilidad Aviso Legal Mapa Web...\" \/>\n<meta property=\"og:url\" content=\"https:\/\/asesoriasartuille.com\/en\/site-map\/\" \/>\n<meta property=\"og:site_name\" content=\"Asesor\u00eda Sartuille\" \/>\n<meta property=\"article:modified_time\" content=\"2025-07-22T11:44:55+00:00\" \/>\n<meta name=\"twitter:card\" content=\"summary_large_image\" \/>\n<script type=\"application\/ld+json\" class=\"yoast-schema-graph\">{\"@context\":\"https:\\\/\\\/schema.org\",\"@graph\":[{\"@type\":\"WebPage\",\"@id\":\"https:\\\/\\\/asesoriasartuille.com\\\/en\\\/site-map\\\/\",\"url\":\"https:\\\/\\\/asesoriasartuille.com\\\/en\\\/site-map\\\/\",\"name\":\"Site Map - Asesor\u00eda Sartuille\",\"isPartOf\":{\"@id\":\"https:\\\/\\\/asesoriasartuille.com\\\/en\\\/#website\"},\"datePublished\":\"2025-05-05T10:10:50+00:00\",\"dateModified\":\"2025-07-22T11:44:55+00:00\",\"breadcrumb\":{\"@id\":\"https:\\\/\\\/asesoriasartuille.com\\\/en\\\/site-map\\\/#breadcrumb\"},\"inLanguage\":\"en-US\",\"potentialAction\":[{\"@type\":\"ReadAction\",\"target\":[\"https:\\\/\\\/asesoriasartuille.com\\\/en\\\/site-map\\\/\"]}]},{\"@type\":\"BreadcrumbList\",\"@id\":\"https:\\\/\\\/asesoriasartuille.com\\\/en\\\/site-map\\\/#breadcrumb\",\"itemListElement\":[{\"@type\":\"ListItem\",\"position\":1,\"name\":\"Portada\",\"item\":\"https:\\\/\\\/asesoriasartuille.com\\\/en\\\/home\\\/\"},{\"@type\":\"ListItem\",\"position\":2,\"name\":\"Site Map\"}]},{\"@type\":\"WebSite\",\"@id\":\"https:\\\/\\\/asesoriasartuille.com\\\/en\\\/#website\",\"url\":\"https:\\\/\\\/asesoriasartuille.com\\\/en\\\/\",\"name\":\"Asesor\u00eda Sartuille\",\"description\":\"\",\"publisher\":{\"@id\":\"https:\\\/\\\/asesoriasartuille.com\\\/en\\\/#organization\"},\"potentialAction\":[{\"@type\":\"SearchAction\",\"target\":{\"@type\":\"EntryPoint\",\"urlTemplate\":\"https:\\\/\\\/asesoriasartuille.com\\\/en\\\/?s={search_term_string}\"},\"query-input\":{\"@type\":\"PropertyValueSpecification\",\"valueRequired\":true,\"valueName\":\"search_term_string\"}}],\"inLanguage\":\"en-US\"},{\"@type\":\"Organization\",\"@id\":\"https:\\\/\\\/asesoriasartuille.com\\\/en\\\/#organization\",\"name\":\"Asesor\u00eda Sartuille\",\"url\":\"https:\\\/\\\/asesoriasartuille.com\\\/en\\\/\",\"logo\":{\"@type\":\"ImageObject\",\"inLanguage\":\"en-US\",\"@id\":\"https:\\\/\\\/asesoriasartuille.com\\\/en\\\/#\\\/schema\\\/logo\\\/image\\\/\",\"url\":\"https:\\\/\\\/asesoriasartuille.com\\\/wp-content\\\/uploads\\\/2024\\\/04\\\/Logo_.svg\",\"contentUrl\":\"https:\\\/\\\/asesoriasartuille.com\\\/wp-content\\\/uploads\\\/2024\\\/04\\\/Logo_.svg\",\"width\":692,\"height\":543,\"caption\":\"Asesor\u00eda Sartuille\"},\"image\":{\"@id\":\"https:\\\/\\\/asesoriasartuille.com\\\/en\\\/#\\\/schema\\\/logo\\\/image\\\/\"}}]}<\/script>\n<!-- \/ Yoast SEO plugin. -->","yoast_head_json":{"title":"Site Map - Asesor\u00eda Sartuille","robots":{"index":"index","follow":"follow","max-snippet":"max-snippet:-1","max-image-preview":"max-image-preview:large","max-video-preview":"max-video-preview:-1"},"canonical":"https:\/\/asesoriasartuille.com\/en\/site-map\/","og_locale":"en_US","og_type":"article","og_title":"Site Map - Asesor\u00eda Sartuille","og_description":"Site Map Navigation Nosotros Asesor\u00eda Gastron\u00f3mica Calidad, Higiene y Seguridad Packs Industria Alimentaria Contacto Legal Accesibilidad Aviso Legal Mapa Web...","og_url":"https:\/\/asesoriasartuille.com\/en\/site-map\/","og_site_name":"Asesor\u00eda Sartuille","article_modified_time":"2025-07-22T11:44:55+00:00","twitter_card":"summary_large_image","schema":{"@context":"https:\/\/schema.org","@graph":[{"@type":"WebPage","@id":"https:\/\/asesoriasartuille.com\/en\/site-map\/","url":"https:\/\/asesoriasartuille.com\/en\/site-map\/","name":"Site Map - Asesor\u00eda Sartuille","isPartOf":{"@id":"https:\/\/asesoriasartuille.com\/en\/#website"},"datePublished":"2025-05-05T10:10:50+00:00","dateModified":"2025-07-22T11:44:55+00:00","breadcrumb":{"@id":"https:\/\/asesoriasartuille.com\/en\/site-map\/#breadcrumb"},"inLanguage":"en-US","potentialAction":[{"@type":"ReadAction","target":["https:\/\/asesoriasartuille.com\/en\/site-map\/"]}]},{"@type":"BreadcrumbList","@id":"https:\/\/asesoriasartuille.com\/en\/site-map\/#breadcrumb","itemListElement":[{"@type":"ListItem","position":1,"name":"Portada","item":"https:\/\/asesoriasartuille.com\/en\/home\/"},{"@type":"ListItem","position":2,"name":"Site Map"}]},{"@type":"WebSite","@id":"https:\/\/asesoriasartuille.com\/en\/#website","url":"https:\/\/asesoriasartuille.com\/en\/","name":"Asesor\u00eda Sartuille","description":"","publisher":{"@id":"https:\/\/asesoriasartuille.com\/en\/#organization"},"potentialAction":[{"@type":"SearchAction","target":{"@type":"EntryPoint","urlTemplate":"https:\/\/asesoriasartuille.com\/en\/?s={search_term_string}"},"query-input":{"@type":"PropertyValueSpecification","valueRequired":true,"valueName":"search_term_string"}}],"inLanguage":"en-US"},{"@type":"Organization","@id":"https:\/\/asesoriasartuille.com\/en\/#organization","name":"Asesor\u00eda Sartuille","url":"https:\/\/asesoriasartuille.com\/en\/","logo":{"@type":"ImageObject","inLanguage":"en-US","@id":"https:\/\/asesoriasartuille.com\/en\/#\/schema\/logo\/image\/","url":"https:\/\/asesoriasartuille.com\/wp-content\/uploads\/2024\/04\/Logo_.svg","contentUrl":"https:\/\/asesoriasartuille.com\/wp-content\/uploads\/2024\/04\/Logo_.svg","width":692,"height":543,"caption":"Asesor\u00eda Sartuille"},"image":{"@id":"https:\/\/asesoriasartuille.com\/en\/#\/schema\/logo\/image\/"}}]}},"_links":{"self":[{"href":"https:\/\/asesoriasartuille.com\/en\/wp-json\/wp\/v2\/pages\/32855","targetHints":{"allow":["GET"]}}],"collection":[{"href":"https:\/\/asesoriasartuille.com\/en\/wp-json\/wp\/v2\/pages"}],"about":[{"href":"https:\/\/asesoriasartuille.com\/en\/wp-json\/wp\/v2\/types\/page"}],"author":[{"embeddable":true,"href":"https:\/\/asesoriasartuille.com\/en\/wp-json\/wp\/v2\/users\/1"}],"replies":[{"embeddable":true,"href":"https:\/\/asesoriasartuille.com\/en\/wp-json\/wp\/v2\/comments?post=32855"}],"version-history":[{"count":1,"href":"https:\/\/asesoriasartuille.com\/en\/wp-json\/wp\/v2\/pages\/32855\/revisions"}],"predecessor-version":[{"id":32857,"href":"https:\/\/asesoriasartuille.com\/en\/wp-json\/wp\/v2\/pages\/32855\/revisions\/32857"}],"wp:attachment":[{"href":"https:\/\/asesoriasartuille.com\/en\/wp-json\/wp\/v2\/media?parent=32855"}],"curies":[{"name":"wp","href":"https:\/\/api.w.org\/{rel}","templated":true}]}}